{"id":1006,"date":"2014-01-21T15:55:40","date_gmt":"2014-01-21T14:55:40","guid":{"rendered":"http:\/\/amc-arnsberg.org\/?page_id=1006"},"modified":"2023-11-14T15:59:09","modified_gmt":"2023-11-14T14:59:09","slug":"benzinspartage","status":"publish","type":"page","link":"https:\/\/www.amc-arnsberg.de\/?page_id=1006","title":{"rendered":"Benzinspartage"},"content":{"rendered":"<p><strong>Benzinspartag 2013<\/strong><\/p>\n<p>Traditionell fand auch dieses Jahr der <strong>&#8222;Benzinspartag&#8220;<\/strong> des AMC Arnsberg am 01. Mai statt. Alle Clubmitglieder stiegen an diesem Tag vom Auto oder Motorrad aufs Fahrrad um. Sportleiter Erich Schriek hatte eine Tour von Wickede\/Bahnof zum Ziel nach Arnsberg\/Bruchhausen ausgearbeitet. Abschluss war in diesem Jahr bei den Clubmitgliedern Bettina und Andre Behrensdorf. Der 1. Vorsitzende Heinz Schulte-Hobein hatte die teilnehmenden Vereinsmitglieder zum Grillen einzuladen.<\/p>\n<\/p>\n<p><a href=\"http:\/\/amc-arnsberg.org\/wp-content\/uploads\/2011\/02\/DSC00172.jpg\"><img loading=\"lazy\" decoding=\"async\" src=\"http:\/\/amc-arnsberg.org\/wp-content\/uploads\/2011\/02\/DSC00172-300x225.jpg\" alt=\"DSC00172\" width=\"300\" height=\"225\"><\/a><\/p>\n<p><a href=\"http:\/\/amc-arnsberg.org\/wp-content\/uploads\/2011\/02\/DSC00171.jpg\"><img loading=\"lazy\" decoding=\"async\" src=\"http:\/\/amc-arnsberg.org\/wp-content\/uploads\/2011\/02\/DSC00171-300x225.jpg\" alt=\"DSC00171\" width=\"300\" height=\"225\"><\/a><\/p>\n<p><a href=\"http:\/\/amc-arnsberg.org\/wp-content\/uploads\/2011\/02\/DSC02087.jpg\"><img loading=\"lazy\" decoding=\"async\" src=\"http:\/\/amc-arnsberg.org\/wp-content\/uploads\/2011\/02\/DSC02087-300x225.jpg\" alt=\"DSC02087\" width=\"300\" height=\"225\"><\/a> <a href=\"http:\/\/amc-arnsberg.org\/wp-content\/uploads\/2011\/02\/DSC02083.jpg\"><img loading=\"lazy\" decoding=\"async\" src=\"http:\/\/amc-arnsberg.org\/wp-content\/uploads\/2011\/02\/DSC02083-300x225.jpg\" alt=\"DSC02083\" width=\"300\" height=\"225\"><\/a><\/p>\n\n\n<h2 class=\"wp-block-heading\">Benzinspartag 2019<\/h2>\n\n\n\n<p>Der Benzinspartag 2019 fand bei tollem Wetter dieses Jahr am 11. August statt. Unter Leitung von Michael Danne stiegen die Motorsportler aufs Fahrrad um. Die Strecke f\u00fchrte von Wildewiese \u00fcber Hagen Allendorf nach Amecke zum Sorpesee. Am Vorbecken konnten sich die Teilnehmer am Zeltplatz f\u00fcnf st\u00e4rken. Danach ging es w\u00fcndersch\u00f6n am Ostufer der Sorpe nach Hachen und danach \u00fcber Herdringen und H\u00fcsten zum Stammlokal des AMC Arnsberg. Hier fand dann in geselliger Runde bei Grillgut und Getr\u00e4nken der Abschlu\u00df eines gelungenden Tages statt und die AMC`ler konnten sich nach knapp \u00fcber 50 km im Sattel wieder erholen und hatten viel zu erz\u00e4hlen.<\/p>\n\n\n\n<figure class=\"wp-block-gallery has-nested-images columns-default is-cropped wp-block-gallery-1 is-layout-flex wp-block-gallery-is-layout-flex\">\n<figure class=\"wp-block-image\"><a href=\"https:\/\/amc-arnsberg.de\/wp-content\/uploads\/2020\/01\/IMG_20190811_132200w.jpg\"><img loading=\"lazy\" decoding=\"async\" width=\"1024\" height=\"768\" data-id=\"4757\" src=\"https:\/\/amc-arnsberg.de\/wp-content\/uploads\/2020\/01\/IMG_20190811_132200w.jpg\" alt=\"\" class=\"wp-image-4757\" srcset=\"https:\/\/www.amc-arnsberg.de\/wp-content\/uploads\/2020\/01\/IMG_20190811_132200w.jpg 1024w, https:\/\/www.amc-arnsberg.de\/wp-content\/uploads\/2020\/01\/IMG_20190811_132200w-300x225.jpg 300w, https:\/\/www.amc-arnsberg.de\/wp-content\/uploads\/2020\/01\/IMG_20190811_132200w-768x576.jpg 768w\" sizes=\"auto, (max-width: 767px) 89vw, (max-width: 1000px) 54vw, (max-width: 1071px) 543px, 580px\" \/><\/a><figcaption class=\"wp-element-caption\">bdr<\/figcaption><\/figure>\n\n\n\n<figure class=\"wp-block-image\"><a href=\"https:\/\/amc-arnsberg.de\/wp-content\/uploads\/2020\/01\/IMG_20190811_135224.jpg\"><img loading=\"lazy\" decoding=\"async\" width=\"1024\" height=\"768\" data-id=\"4758\" src=\"https:\/\/amc-arnsberg.de\/wp-content\/uploads\/2020\/01\/IMG_20190811_135224.jpg\" alt=\"\" class=\"wp-image-4758\" srcset=\"https:\/\/www.amc-arnsberg.de\/wp-content\/uploads\/2020\/01\/IMG_20190811_135224.jpg 1024w, https:\/\/www.amc-arnsberg.de\/wp-content\/uploads\/2020\/01\/IMG_20190811_135224-300x225.jpg 300w, https:\/\/www.amc-arnsberg.de\/wp-content\/uploads\/2020\/01\/IMG_20190811_135224-768x576.jpg 768w\" sizes=\"auto, (max-width: 767px) 89vw, (max-width: 1000px) 54vw, (max-width: 1071px) 543px, 580px\" \/><\/a><figcaption class=\"wp-element-caption\">bdr<\/figcaption><\/figure>\n\n\n\n<figure class=\"wp-block-image\"><a href=\"https:\/\/amc-arnsberg.de\/wp-content\/uploads\/2020\/01\/IMG_20190811_135256.jpg\"><img loading=\"lazy\" decoding=\"async\" width=\"1024\" height=\"768\" data-id=\"4759\" src=\"https:\/\/amc-arnsberg.de\/wp-content\/uploads\/2020\/01\/IMG_20190811_135256.jpg\" alt=\"\" class=\"wp-image-4759\" srcset=\"https:\/\/www.amc-arnsberg.de\/wp-content\/uploads\/2020\/01\/IMG_20190811_135256.jpg 1024w, https:\/\/www.amc-arnsberg.de\/wp-content\/uploads\/2020\/01\/IMG_20190811_135256-300x225.jpg 300w, https:\/\/www.amc-arnsberg.de\/wp-content\/uploads\/2020\/01\/IMG_20190811_135256-768x576.jpg 768w\" sizes=\"auto, (max-width: 767px) 89vw, (max-width: 1000px) 54vw, (max-width: 1071px) 543px, 580px\" \/><\/a><figcaption class=\"wp-element-caption\">bdr<\/figcaption><\/figure>\n\n\n\n<figure class=\"wp-block-image\"><a href=\"https:\/\/amc-arnsberg.de\/wp-content\/uploads\/2020\/01\/IMG_20190811_135258.jpg\"><img loading=\"lazy\" decoding=\"async\" width=\"448\" height=\"336\" data-id=\"4760\" src=\"https:\/\/amc-arnsberg.de\/wp-content\/uploads\/2020\/01\/IMG_20190811_135258.jpg\" alt=\"\" class=\"wp-image-4760\" srcset=\"https:\/\/www.amc-arnsberg.de\/wp-content\/uploads\/2020\/01\/IMG_20190811_135258.jpg 448w, https:\/\/www.amc-arnsberg.de\/wp-content\/uploads\/2020\/01\/IMG_20190811_135258-300x225.jpg 300w\" sizes=\"auto, (max-width: 448px) 100vw, 448px\" \/><\/a><figcaption class=\"wp-element-caption\">bdr<\/figcaption><\/figure>\n\n\n\n<figure class=\"wp-block-image\"><a href=\"https:\/\/amc-arnsberg.de\/wp-content\/uploads\/2020\/01\/IMG_20190811_135259.jpg\"><img loading=\"lazy\" decoding=\"async\" width=\"1024\" height=\"768\" data-id=\"4761\" src=\"https:\/\/amc-arnsberg.de\/wp-content\/uploads\/2020\/01\/IMG_20190811_135259.jpg\" alt=\"\" class=\"wp-image-4761\" srcset=\"https:\/\/www.amc-arnsberg.de\/wp-content\/uploads\/2020\/01\/IMG_20190811_135259.jpg 1024w, https:\/\/www.amc-arnsberg.de\/wp-content\/uploads\/2020\/01\/IMG_20190811_135259-300x225.jpg 300w, https:\/\/www.amc-arnsberg.de\/wp-content\/uploads\/2020\/01\/IMG_20190811_135259-768x576.jpg 768w\" sizes=\"auto, (max-width: 767px) 89vw, (max-width: 1000px) 54vw, (max-width: 1071px) 543px, 580px\" \/><\/a><figcaption class=\"wp-element-caption\">bdr<\/figcaption><\/figure>\n\n\n\n<figure class=\"wp-block-image\"><a href=\"https:\/\/amc-arnsberg.de\/wp-content\/uploads\/2020\/01\/IMG_20190811_144109.jpg\"><img loading=\"lazy\" decoding=\"async\" width=\"1024\" height=\"768\" data-id=\"4762\" src=\"https:\/\/amc-arnsberg.de\/wp-content\/uploads\/2020\/01\/IMG_20190811_144109.jpg\" alt=\"\" class=\"wp-image-4762\" srcset=\"https:\/\/www.amc-arnsberg.de\/wp-content\/uploads\/2020\/01\/IMG_20190811_144109.jpg 1024w, https:\/\/www.amc-arnsberg.de\/wp-content\/uploads\/2020\/01\/IMG_20190811_144109-300x225.jpg 300w, https:\/\/www.amc-arnsberg.de\/wp-content\/uploads\/2020\/01\/IMG_20190811_144109-768x576.jpg 768w\" sizes=\"auto, (max-width: 767px) 89vw, (max-width: 1000px) 54vw, (max-width: 1071px) 543px, 580px\" \/><\/a><figcaption class=\"wp-element-caption\">bdr<\/figcaption><\/figure>\n\n\n\n<figure class=\"wp-block-image\"><a href=\"https:\/\/amc-arnsberg.de\/wp-content\/uploads\/2020\/01\/IMG_20190811_155355.jpg\"><img loading=\"lazy\" decoding=\"async\" width=\"1024\" height=\"768\" data-id=\"4763\" src=\"https:\/\/amc-arnsberg.de\/wp-content\/uploads\/2020\/01\/IMG_20190811_155355.jpg\" alt=\"\" class=\"wp-image-4763\" srcset=\"https:\/\/www.amc-arnsberg.de\/wp-content\/uploads\/2020\/01\/IMG_20190811_155355.jpg 1024w, https:\/\/www.amc-arnsberg.de\/wp-content\/uploads\/2020\/01\/IMG_20190811_155355-300x225.jpg 300w, https:\/\/www.amc-arnsberg.de\/wp-content\/uploads\/2020\/01\/IMG_20190811_155355-768x576.jpg 768w\" sizes=\"auto, (max-width: 767px) 89vw, (max-width: 1000px) 54vw, (max-width: 1071px) 543px, 580px\" \/><\/a><figcaption class=\"wp-element-caption\">bty<\/figcaption><\/figure>\n\n\n\n<figure class=\"wp-block-image\"><a href=\"https:\/\/amc-arnsberg.de\/wp-content\/uploads\/2020\/01\/IMG_20190811_155404.jpg\"><img loading=\"lazy\" decoding=\"async\" width=\"1024\" height=\"768\" data-id=\"4764\" src=\"https:\/\/amc-arnsberg.de\/wp-content\/uploads\/2020\/01\/IMG_20190811_155404.jpg\" alt=\"\" class=\"wp-image-4764\" srcset=\"https:\/\/www.amc-arnsberg.de\/wp-content\/uploads\/2020\/01\/IMG_20190811_155404.jpg 1024w, https:\/\/www.amc-arnsberg.de\/wp-content\/uploads\/2020\/01\/IMG_20190811_155404-300x225.jpg 300w, https:\/\/www.amc-arnsberg.de\/wp-content\/uploads\/2020\/01\/IMG_20190811_155404-768x576.jpg 768w\" sizes=\"auto, (max-width: 767px) 89vw, (max-width: 1000px) 54vw, (max-width: 1071px) 543px, 580px\" \/><\/a><figcaption class=\"wp-element-caption\">bdr<\/figcaption><\/figure>\n\n\n\n<figure class=\"wp-block-image\"><a href=\"https:\/\/amc-arnsberg.de\/wp-content\/uploads\/2020\/01\/IMG_20190811_155440.jpg\"><img loading=\"lazy\" decoding=\"async\" width=\"1024\" height=\"768\" data-id=\"4765\" src=\"https:\/\/amc-arnsberg.de\/wp-content\/uploads\/2020\/01\/IMG_20190811_155440.jpg\" alt=\"\" class=\"wp-image-4765\" srcset=\"https:\/\/www.amc-arnsberg.de\/wp-content\/uploads\/2020\/01\/IMG_20190811_155440.jpg 1024w, https:\/\/www.amc-arnsberg.de\/wp-content\/uploads\/2020\/01\/IMG_20190811_155440-300x225.jpg 300w, https:\/\/www.amc-arnsberg.de\/wp-content\/uploads\/2020\/01\/IMG_20190811_155440-768x576.jpg 768w\" sizes=\"auto, (max-width: 767px) 89vw, (max-width: 1000px) 54vw, (max-width: 1071px) 543px, 580px\" \/><\/a><figcaption class=\"wp-element-caption\">bty<\/figcaption><\/figure>\n\n\n\n<figure class=\"wp-block-image\"><a href=\"https:\/\/amc-arnsberg.de\/wp-content\/uploads\/2020\/01\/IMG_20190811_155443.jpg\"><img loading=\"lazy\" decoding=\"async\" width=\"1024\" height=\"768\" data-id=\"4766\" src=\"https:\/\/amc-arnsberg.de\/wp-content\/uploads\/2020\/01\/IMG_20190811_155443.jpg\" alt=\"\" class=\"wp-image-4766\" srcset=\"https:\/\/www.amc-arnsberg.de\/wp-content\/uploads\/2020\/01\/IMG_20190811_155443.jpg 1024w, https:\/\/www.amc-arnsberg.de\/wp-content\/uploads\/2020\/01\/IMG_20190811_155443-300x225.jpg 300w, https:\/\/www.amc-arnsberg.de\/wp-content\/uploads\/2020\/01\/IMG_20190811_155443-768x576.jpg 768w\" sizes=\"auto, (max-width: 767px) 89vw, (max-width: 1000px) 54vw, (max-width: 1071px) 543px, 580px\" \/><\/a><figcaption class=\"wp-element-caption\">bty<\/figcaption><\/figure>\n\n\n\n<figure class=\"wp-block-image\"><a href=\"https:\/\/amc-arnsberg.de\/wp-content\/uploads\/2020\/01\/IMG_20190811_155444_1.jpg\"><img loading=\"lazy\" decoding=\"async\" width=\"1024\" height=\"768\" data-id=\"4767\" src=\"https:\/\/amc-arnsberg.de\/wp-content\/uploads\/2020\/01\/IMG_20190811_155444_1.jpg\" alt=\"\" class=\"wp-image-4767\" srcset=\"https:\/\/www.amc-arnsberg.de\/wp-content\/uploads\/2020\/01\/IMG_20190811_155444_1.jpg 1024w, https:\/\/www.amc-arnsberg.de\/wp-content\/uploads\/2020\/01\/IMG_20190811_155444_1-300x225.jpg 300w, https:\/\/www.amc-arnsberg.de\/wp-content\/uploads\/2020\/01\/IMG_20190811_155444_1-768x576.jpg 768w\" sizes=\"auto, (max-width: 767px) 89vw, (max-width: 1000px) 54vw, (max-width: 1071px) 543px, 580px\" \/><\/a><figcaption class=\"wp-element-caption\">bty<\/figcaption><\/figure>\n\n\n\n<figure class=\"wp-block-image\"><a href=\"https:\/\/amc-arnsberg.de\/wp-content\/uploads\/2020\/01\/IMG_20190811_155452.jpg\"><img loading=\"lazy\" decoding=\"async\" width=\"1024\" height=\"768\" data-id=\"4768\" src=\"https:\/\/amc-arnsberg.de\/wp-content\/uploads\/2020\/01\/IMG_20190811_155452.jpg\" alt=\"\" class=\"wp-image-4768\" srcset=\"https:\/\/www.amc-arnsberg.de\/wp-content\/uploads\/2020\/01\/IMG_20190811_155452.jpg 1024w, https:\/\/www.amc-arnsberg.de\/wp-content\/uploads\/2020\/01\/IMG_20190811_155452-300x225.jpg 300w, https:\/\/www.amc-arnsberg.de\/wp-content\/uploads\/2020\/01\/IMG_20190811_155452-768x576.jpg 768w\" sizes=\"auto, (max-width: 767px) 89vw, (max-width: 1000px) 54vw, (max-width: 1071px) 543px, 580px\" \/><\/a><figcaption class=\"wp-element-caption\">bty<\/figcaption><\/figure>\n<\/figure>\n","protected":false},"excerpt":{"rendered":"<p>Benzinspartag 2013 Traditionell fand auch dieses Jahr der &#8222;Benzinspartag&#8220; des AMC Arnsberg am 01. Mai statt. Alle Clubmitglieder stiegen an diesem Tag vom Auto oder Motorrad aufs Fahrrad um. Sportleiter Erich Schriek hatte eine Tour von Wickede\/Bahnof zum Ziel nach Arnsberg\/Bruchhausen ausgearbeitet. Abschluss war in diesem Jahr bei den Clubmitgliedern Bettina und Andre Behrensdorf. Der &hellip; <\/p>\n<p class=\"link-more\"><a href=\"https:\/\/www.amc-arnsberg.de\/?page_id=1006\" class=\"more-link\"><span class=\"screen-reader-text\">\u201eBenzinspartage\u201c<\/span> weiterlesen<\/a><\/p>\n","protected":false},"author":2,"featured_media":0,"parent":13,"menu_order":-5,"comment_status":"open","ping_status":"open","template":"","meta":{"footnotes":""},"class_list":["post-1006","page","type-page","status-publish","hentry"],"_links":{"self":[{"href":"https:\/\/www.amc-arnsberg.de\/index.php?rest_route=\/wp\/v2\/pages\/1006","targetHints":{"allow":["GET"]}}],"collection":[{"href":"https:\/\/www.amc-arnsberg.de\/index.php?rest_route=\/wp\/v2\/pages"}],"about":[{"href":"https:\/\/www.amc-arnsberg.de\/index.php?rest_route=\/wp\/v2\/types\/page"}],"author":[{"embeddable":true,"href":"https:\/\/www.amc-arnsberg.de\/index.php?rest_route=\/wp\/v2\/users\/2"}],"replies":[{"embeddable":true,"href":"https:\/\/www.amc-arnsberg.de\/index.php?rest_route=%2Fwp%2Fv2%2Fcomments&post=1006"}],"version-history":[{"count":5,"href":"https:\/\/www.amc-arnsberg.de\/index.php?rest_route=\/wp\/v2\/pages\/1006\/revisions"}],"predecessor-version":[{"id":6517,"href":"https:\/\/www.amc-arnsberg.de\/index.php?rest_route=\/wp\/v2\/pages\/1006\/revisions\/6517"}],"up":[{"embeddable":true,"href":"https:\/\/www.amc-arnsberg.de\/index.php?rest_route=\/wp\/v2\/pages\/13"}],"wp:attachment":[{"href":"https:\/\/www.amc-arnsberg.de\/index.php?rest_route=%2Fwp%2Fv2%2Fmedia&parent=1006"}],"curies":[{"name":"wp","href":"https:\/\/api.w.org\/{rel}","templated":true}]}}