{"id":1346,"date":"2015-01-22T09:33:10","date_gmt":"2015-01-22T08:33:10","guid":{"rendered":"http:\/\/amc-arnsberg.org\/?page_id=1346"},"modified":"2017-12-15T12:42:15","modified_gmt":"2017-12-15T11:42:15","slug":"arnsberger-klassik-2015","status":"publish","type":"page","link":"https:\/\/www.amc-arnsberg.de\/?page_id=1346","title":{"rendered":"Arnsberger Klassik 2015"},"content":{"rendered":"<p>23. Arnsberger ADAC Klassik &#8211; 05.09.2015<\/p>\n<p>Startberechtigt sind PKW bis zum Baujahr 1984 und Youngtimer von Baujahr 1985 bis 1989, deren Lenker im Besitz einer g\u00fcltigen Fahrerlaubnis sind. Lizenzen sind aber nicht erforderlich.<\/p>\n<p>Die Veranstaltung ist wahlweise eine sportliche oder touristische Oldtimerfahrt mit historischen Fahrzeugen \u00fcber \u00f6ffentliche Stra\u00dfen in landschaftlich reizvoller Gegend. Die Streckenf\u00fchrung\u00c2\u00a0verl\u00e4uft fast ausschlie\u00dflich \u00fcber qualifizierte Stra\u00dfen.<\/p>\n<p>Auch dieses Jahr wird wieder unter reger Teilnahme der Bev\u00f6lkerung um ca. <strong>09:45 Uhr<\/strong> das 1. Fahrzeug nach der Fahrzeug- und Fahrervorstellung in der Neheimer Fu\u00dfg\u00e4ngerzone (Hauptstr.) die Startlinie \u00fcberqueren.<\/p>\n<p>&nbsp;<\/p>\n<p>Nachtrag, 06.09.2015:<\/p>\n<p>Die 23. Arnsberger ADAC Klassik verlief in diesem Jahr tief durch das Land der 1000 Berge bis hinauf auf knapp 800m. Trotz zu Beginn m\u00e4\u00dfigem Wetters erfreuten sich 66 Starter an der interessanten Streckenf\u00fchrung.<\/p>\n<ul>\n<li><a href=\"http:\/\/amc-arnsberg.org\/wp-content\/uploads\/2015\/09\/KL_Gesamtwertung_2015.pdf\">Gesamtwertung 23. Arnsberger ADAC Klassik<\/a><\/li>\n<\/ul>\n<p>Hier die Presseberichte zur Klassikerfahrt.<\/p>\n<p><a href=\"http:\/\/amc-arnsberg.org\/wp-content\/uploads\/2015\/09\/Vorberichzt-WP-klein.jpg\"><img loading=\"lazy\" decoding=\"async\" class=\"alignleft size-thumbnail wp-image-1529\" src=\"http:\/\/amc-arnsberg.org\/wp-content\/uploads\/2015\/09\/Vorberichzt-WP-klein-150x150.jpg\" alt=\"Vorberichzt WP klein\" width=\"150\" height=\"150\" srcset=\"https:\/\/www.amc-arnsberg.de\/wp-content\/uploads\/2015\/09\/Vorberichzt-WP-klein-150x150.jpg 150w, https:\/\/www.amc-arnsberg.de\/wp-content\/uploads\/2015\/09\/Vorberichzt-WP-klein-300x300.jpg 300w, https:\/\/www.amc-arnsberg.de\/wp-content\/uploads\/2015\/09\/Vorberichzt-WP-klein.jpg 987w\" sizes=\"auto, (max-width: 150px) 100vw, 150px\" \/><\/a><a href=\"http:\/\/amc-arnsberg.org\/wp-content\/uploads\/2015\/09\/Nachbericht-WP-klein.jpg\"><img loading=\"lazy\" decoding=\"async\" class=\"alignleft size-thumbnail wp-image-1528\" src=\"http:\/\/amc-arnsberg.org\/wp-content\/uploads\/2015\/09\/Nachbericht-WP-klein-150x150.jpg\" alt=\"Nachbericht WP klein\" width=\"150\" height=\"150\" \/><\/a><\/p>\n","protected":false},"excerpt":{"rendered":"<p>23. Arnsberger ADAC Klassik &#8211; 05.09.2015 Startberechtigt sind PKW bis zum Baujahr 1984 und Youngtimer von Baujahr 1985 bis 1989, deren Lenker im Besitz einer g\u00fcltigen Fahrerlaubnis sind. Lizenzen sind aber nicht erforderlich. Die Veranstaltung ist wahlweise eine sportliche oder touristische Oldtimerfahrt mit historischen Fahrzeugen \u00fcber \u00f6ffentliche Stra\u00dfen in landschaftlich reizvoller Gegend. Die Streckenf\u00fchrung\u00c2\u00a0verl\u00e4uft fast &hellip; <\/p>\n<p class=\"link-more\"><a href=\"https:\/\/www.amc-arnsberg.de\/?page_id=1346\" class=\"more-link\"><span class=\"screen-reader-text\">\u201eArnsberger Klassik 2015\u201c<\/span> weiterlesen<\/a><\/p>\n","protected":false},"author":5,"featured_media":0,"parent":17,"menu_order":4,"comment_status":"open","ping_status":"open","template":"","meta":{"footnotes":""},"class_list":["post-1346","page","type-page","status-publish","hentry"],"_links":{"self":[{"href":"https:\/\/www.amc-arnsberg.de\/index.php?rest_route=\/wp\/v2\/pages\/1346","targetHints":{"allow":["GET"]}}],"collection":[{"href":"https:\/\/www.amc-arnsberg.de\/index.php?rest_route=\/wp\/v2\/pages"}],"about":[{"href":"https:\/\/www.amc-arnsberg.de\/index.php?rest_route=\/wp\/v2\/types\/page"}],"author":[{"embeddable":true,"href":"https:\/\/www.amc-arnsberg.de\/index.php?rest_route=\/wp\/v2\/users\/5"}],"replies":[{"embeddable":true,"href":"https:\/\/www.amc-arnsberg.de\/index.php?rest_route=%2Fwp%2Fv2%2Fcomments&post=1346"}],"version-history":[{"count":13,"href":"https:\/\/www.amc-arnsberg.de\/index.php?rest_route=\/wp\/v2\/pages\/1346\/revisions"}],"predecessor-version":[{"id":2155,"href":"https:\/\/www.amc-arnsberg.de\/index.php?rest_route=\/wp\/v2\/pages\/1346\/revisions\/2155"}],"up":[{"embeddable":true,"href":"https:\/\/www.amc-arnsberg.de\/index.php?rest_route=\/wp\/v2\/pages\/17"}],"wp:attachment":[{"href":"https:\/\/www.amc-arnsberg.de\/index.php?rest_route=%2Fwp%2Fv2%2Fmedia&parent=1346"}],"curies":[{"name":"wp","href":"https:\/\/api.w.org\/{rel}","templated":true}]}}