{"id":15,"date":"2011-02-16T22:49:16","date_gmt":"2011-02-16T21:49:16","guid":{"rendered":"http:\/\/amc-arnsberg.org\/wordpress\/?page_id=15"},"modified":"2025-10-19T14:02:10","modified_gmt":"2025-10-19T12:02:10","slug":"sportliches","status":"publish","type":"page","link":"https:\/\/www.amc-arnsberg.de\/?page_id=15","title":{"rendered":"Kartgruppe"},"content":{"rendered":"\n<p>Zu Zeit befindet sich wieder eine Jugendkart-Gruppe im Aufbau, unter der Leitung von Markus Dluginski. Sobald die Trainingszeiten feststehen, ,werden diese hier ver\u00f6ffentlicht. Wir hoffen dann zuk\u00fcnftig, wieder an vergangene Erfolge ankn\u00fcpfen zu k\u00f6nnen.<\/p>\n\n\n\n<figure class=\"wp-block-image size-large\"><a href=\"https:\/\/amc-arnsberg.de\/wp-content\/uploads\/2024\/06\/Screenshot_2024-05-25-20-05-50-57_92460851df6f172a4592fca41cc2d2e6.jpg\"><img loading=\"lazy\" decoding=\"async\" width=\"697\" height=\"1024\" src=\"https:\/\/amc-arnsberg.de\/wp-content\/uploads\/2024\/06\/Screenshot_2024-05-25-20-05-50-57_92460851df6f172a4592fca41cc2d2e6-697x1024.jpg\" alt=\"\" class=\"wp-image-6925\" srcset=\"https:\/\/www.amc-arnsberg.de\/wp-content\/uploads\/2024\/06\/Screenshot_2024-05-25-20-05-50-57_92460851df6f172a4592fca41cc2d2e6-697x1024.jpg 697w, https:\/\/www.amc-arnsberg.de\/wp-content\/uploads\/2024\/06\/Screenshot_2024-05-25-20-05-50-57_92460851df6f172a4592fca41cc2d2e6-204x300.jpg 204w, https:\/\/www.amc-arnsberg.de\/wp-content\/uploads\/2024\/06\/Screenshot_2024-05-25-20-05-50-57_92460851df6f172a4592fca41cc2d2e6-768x1129.jpg 768w, https:\/\/www.amc-arnsberg.de\/wp-content\/uploads\/2024\/06\/Screenshot_2024-05-25-20-05-50-57_92460851df6f172a4592fca41cc2d2e6-1045x1536.jpg 1045w, https:\/\/www.amc-arnsberg.de\/wp-content\/uploads\/2024\/06\/Screenshot_2024-05-25-20-05-50-57_92460851df6f172a4592fca41cc2d2e6-1394x2048.jpg 1394w, https:\/\/www.amc-arnsberg.de\/wp-content\/uploads\/2024\/06\/Screenshot_2024-05-25-20-05-50-57_92460851df6f172a4592fca41cc2d2e6.jpg 1440w\" sizes=\"auto, (max-width: 697px) 100vw, 697px\" \/><\/a><\/figure>\n\n\n<p>Bei Fragen wendet euch an unseren Jugendleiter Markus.<\/p>\n<p><strong>Kontaktdaten:<\/strong><\/p>\n<p>Markus Dluginski<br \/>Arnsbegerstr. 29c<br \/>59759 Arnsberg<br \/>Tel.: 016094580506<\/p>\n\n\n<p><strong>Kartgruppe des AMC-Arnsberg auf dem H\u00fcstener Herbst 2025<\/strong><\/p>\n\n\n\n<p class=\"has-drop-cap\">Die Kartgruppe des AMC Arnsberg pr\u00e4sentierte sich unter Leitung von Markus Dluginski am 12.10.2025 auf dem H\u00fcstener Herbst. Weitere Informationen k\u00f6nnen dem nachfolgenden Zeitungsartikel aus dem Sauerlandkurier  entnommen werden.<\/p>\n\n\n\n<div data-wp-interactive=\"core\/file\" class=\"wp-block-file\"><object data-wp-bind--hidden=\"!state.hasPdfPreview\" hidden class=\"wp-block-file__embed\" data=\"https:\/\/www.amc-arnsberg.de\/wp-content\/uploads\/2025\/10\/Huestener-Herbst-Jugend.pdf\" type=\"application\/pdf\" style=\"width:100%;height:600px\" aria-label=\"Einbettung von H\u00fcstener Herbst Jugend.\"><\/object><a id=\"wp-block-file--media-f37d7ca4-bfda-425c-9482-b5d4c35d32a9\" href=\"https:\/\/www.amc-arnsberg.de\/wp-content\/uploads\/2025\/10\/Huestener-Herbst-Jugend.pdf\">H\u00fcstener Herbst Jugend<\/a><a href=\"https:\/\/www.amc-arnsberg.de\/wp-content\/uploads\/2025\/10\/Huestener-Herbst-Jugend.pdf\" class=\"wp-block-file__button wp-element-button\" download aria-describedby=\"wp-block-file--media-f37d7ca4-bfda-425c-9482-b5d4c35d32a9\">Herunterladen<\/a><\/div>\n\n\n\n<p>Auch aus Sicht des AMC war diese Pr\u00e4sentation ein voller Erfolg!<\/p>\n","protected":false},"excerpt":{"rendered":"<p>Zu Zeit befindet sich wieder eine Jugendkart-Gruppe im Aufbau, unter der Leitung von Markus Dluginski. Sobald die Trainingszeiten feststehen, ,werden diese hier ver\u00f6ffentlicht. Wir hoffen dann zuk\u00fcnftig, wieder an vergangene Erfolge ankn\u00fcpfen zu k\u00f6nnen. Bei Fragen wendet euch an unseren Jugendleiter Markus. Kontaktdaten: Markus DluginskiArnsbegerstr. 29c59759 ArnsbergTel.: 016094580506 Kartgruppe des AMC-Arnsberg auf dem H\u00fcstener Herbst &hellip; <\/p>\n<p class=\"link-more\"><a href=\"https:\/\/www.amc-arnsberg.de\/?page_id=15\" class=\"more-link\"><span class=\"screen-reader-text\">\u201eKartgruppe\u201c<\/span> weiterlesen<\/a><\/p>\n","protected":false},"author":2,"featured_media":0,"parent":0,"menu_order":2,"comment_status":"closed","ping_status":"closed","template":"","meta":{"footnotes":""},"class_list":["post-15","page","type-page","status-publish","hentry"],"_links":{"self":[{"href":"https:\/\/www.amc-arnsberg.de\/index.php?rest_route=\/wp\/v2\/pages\/15","targetHints":{"allow":["GET"]}}],"collection":[{"href":"https:\/\/www.amc-arnsberg.de\/index.php?rest_route=\/wp\/v2\/pages"}],"about":[{"href":"https:\/\/www.amc-arnsberg.de\/index.php?rest_route=\/wp\/v2\/types\/page"}],"author":[{"embeddable":true,"href":"https:\/\/www.amc-arnsberg.de\/index.php?rest_route=\/wp\/v2\/users\/2"}],"replies":[{"embeddable":true,"href":"https:\/\/www.amc-arnsberg.de\/index.php?rest_route=%2Fwp%2Fv2%2Fcomments&post=15"}],"version-history":[{"count":17,"href":"https:\/\/www.amc-arnsberg.de\/index.php?rest_route=\/wp\/v2\/pages\/15\/revisions"}],"predecessor-version":[{"id":7567,"href":"https:\/\/www.amc-arnsberg.de\/index.php?rest_route=\/wp\/v2\/pages\/15\/revisions\/7567"}],"wp:attachment":[{"href":"https:\/\/www.amc-arnsberg.de\/index.php?rest_route=%2Fwp%2Fv2%2Fmedia&parent=15"}],"curies":[{"name":"wp","href":"https:\/\/api.w.org\/{rel}","templated":true}]}}