{"id":177,"date":"2011-06-24T14:29:22","date_gmt":"2011-06-24T13:29:22","guid":{"rendered":"http:\/\/amc-arnsberg.org\/?page_id=177"},"modified":"2017-12-13T14:43:56","modified_gmt":"2017-12-13T13:43:56","slug":"erfolge","status":"publish","type":"page","link":"https:\/\/www.amc-arnsberg.de\/?page_id=177","title":{"rendered":"Erfolge"},"content":{"rendered":"<p><strong>AMC Arnsberg bei 14. Werler Klassikerfahrt erfolgreich<\/strong><br \/>\nAMC Arnsberg holte\u00c2\u00a0 bei der 14. Werler Klassikerfahrt den begehrten Mannschaftspreis. Am Start waren die Teams Dirk Waldeyer\/Nadine Herbst, Stefan und Lisa Seim, Harald Kursawe\/Mike Adam und Bernhard und Maximilian Keggenhoff, die auch zweiter der Gesamtwertung wurden.<\/p>\n<p><a href=\"http:\/\/amc-arnsberg.org\/wp-content\/uploads\/2011\/06\/Keggenhoff-Werl-Klassik.jpg\"><img loading=\"lazy\" decoding=\"async\" class=\"alignnone size-medium wp-image-286\" title=\"Keggenhoff Werl Klassik\" src=\"http:\/\/amc-arnsberg.org\/wp-content\/uploads\/2011\/06\/Keggenhoff-Werl-Klassik-278x300.jpg\" alt=\"\" width=\"278\" height=\"300\" srcset=\"https:\/\/www.amc-arnsberg.de\/wp-content\/uploads\/2011\/06\/Keggenhoff-Werl-Klassik-278x300.jpg 278w, https:\/\/www.amc-arnsberg.de\/wp-content\/uploads\/2011\/06\/Keggenhoff-Werl-Klassik-949x1024.jpg 949w\" sizes=\"auto, (max-width: 278px) 100vw, 278px\" \/><\/a><\/p>\n<p>&nbsp;<\/p>\n<p><strong>Beinah\u00fcberquerung des Gro\u00dfglockner durch Bernhard und Barbara Keggenhoff mit ihrer 51 Jahre alten BMW Isetta.<\/strong><\/p>\n<p>Mit einer Durchschnittsgeschwindigkeit von 20 Stundenkilometern und bei einer Steigung bis zu 18% schaffte es AMC Clubkamerad Bernhard Keggenhoff bis kurz vor die Pa\u00dfh\u00f6he Hochtor (2504 m). Nur wenige 100 m fehlten! N\u00e4chstes Jahr wird ein 2. Versuch gestartet.<\/p>\n<p><a href=\"http:\/\/amc-arnsberg.org\/wp-content\/uploads\/2011\/06\/Gro\u00df-Glockner-028.jpg\"><img loading=\"lazy\" decoding=\"async\" class=\"alignnone size-medium wp-image-258\" title=\"Gro\u00df-Glockner 028\" src=\"http:\/\/amc-arnsberg.org\/wp-content\/uploads\/2011\/06\/Gro\u00df-Glockner-028-200x300.jpg\" alt=\"\" width=\"200\" height=\"300\" \/><\/a><\/p>\n<p>\u00c2\u00a0Bernd beim <span style=\"color: #33cccc;\">&#8222;Umgasen&#8220;\u00c2\u00a0<\/span><\/p>\n<p><a href=\"http:\/\/amc-arnsberg.org\/wp-content\/uploads\/2011\/06\/Gro\u00df-Glockner-0151.jpg\"><img loading=\"lazy\" decoding=\"async\" class=\"size-medium wp-image-261 aligncenter\" title=\"Gro\u00df-Glockner 015\" src=\"http:\/\/amc-arnsberg.org\/wp-content\/uploads\/2011\/06\/Gro\u00df-Glockner-0151-300x200.jpg\" alt=\"\" width=\"300\" height=\"200\" \/><\/a><\/p>\n<p><strong>Werler Klassikerfahrt 2010:<\/strong><br \/>\nTeam Keggenhoff\/Lappan erringt Platz 1 in der Klasse 3 &#8211;<br \/>\nAMC Arnsberg belegt Platz 2 in der Mannschaftswertung<\/p>\n<p><a href=\"http:\/\/amc-arnsberg.org\/wp-content\/uploads\/2011\/06\/Keggenhoff-Lappmann-Werl-20101.jpg\"><img loading=\"lazy\" decoding=\"async\" class=\"alignnone size-medium wp-image-180\" title=\"Keggenhoff-Lappmann Werl 2010\" src=\"http:\/\/amc-arnsberg.org\/wp-content\/uploads\/2011\/06\/Keggenhoff-Lappmann-Werl-20101-300x201.jpg\" alt=\"\" width=\"300\" height=\"201\" srcset=\"https:\/\/www.amc-arnsberg.de\/wp-content\/uploads\/2011\/06\/Keggenhoff-Lappmann-Werl-20101-300x201.jpg 300w, https:\/\/www.amc-arnsberg.de\/wp-content\/uploads\/2011\/06\/Keggenhoff-Lappmann-Werl-20101-1024x686.jpg 1024w\" sizes=\"auto, (max-width: 300px) 100vw, 300px\" \/><\/a><\/p>\n","protected":false},"excerpt":{"rendered":"<p>AMC Arnsberg bei 14. Werler Klassikerfahrt erfolgreich AMC Arnsberg holte\u00c2\u00a0 bei der 14. Werler Klassikerfahrt den begehrten Mannschaftspreis. Am Start waren die Teams Dirk Waldeyer\/Nadine Herbst, Stefan und Lisa Seim, Harald Kursawe\/Mike Adam und Bernhard und Maximilian Keggenhoff, die auch zweiter der Gesamtwertung wurden. &nbsp; Beinah\u00fcberquerung des Gro\u00dfglockner durch Bernhard und Barbara Keggenhoff mit ihrer &hellip; <\/p>\n<p class=\"link-more\"><a href=\"https:\/\/www.amc-arnsberg.de\/?page_id=177\" class=\"more-link\"><span class=\"screen-reader-text\">\u201eErfolge\u201c<\/span> weiterlesen<\/a><\/p>\n","protected":false},"author":2,"featured_media":0,"parent":15,"menu_order":6,"comment_status":"open","ping_status":"open","template":"","meta":{"footnotes":""},"class_list":["post-177","page","type-page","status-publish","hentry"],"_links":{"self":[{"href":"https:\/\/www.amc-arnsberg.de\/index.php?rest_route=\/wp\/v2\/pages\/177","targetHints":{"allow":["GET"]}}],"collection":[{"href":"https:\/\/www.amc-arnsberg.de\/index.php?rest_route=\/wp\/v2\/pages"}],"about":[{"href":"https:\/\/www.amc-arnsberg.de\/index.php?rest_route=\/wp\/v2\/types\/page"}],"author":[{"embeddable":true,"href":"https:\/\/www.amc-arnsberg.de\/index.php?rest_route=\/wp\/v2\/users\/2"}],"replies":[{"embeddable":true,"href":"https:\/\/www.amc-arnsberg.de\/index.php?rest_route=%2Fwp%2Fv2%2Fcomments&post=177"}],"version-history":[{"count":14,"href":"https:\/\/www.amc-arnsberg.de\/index.php?rest_route=\/wp\/v2\/pages\/177\/revisions"}],"predecessor-version":[{"id":2136,"href":"https:\/\/www.amc-arnsberg.de\/index.php?rest_route=\/wp\/v2\/pages\/177\/revisions\/2136"}],"up":[{"embeddable":true,"href":"https:\/\/www.amc-arnsberg.de\/index.php?rest_route=\/wp\/v2\/pages\/15"}],"wp:attachment":[{"href":"https:\/\/www.amc-arnsberg.de\/index.php?rest_route=%2Fwp%2Fv2%2Fmedia&parent=177"}],"curies":[{"name":"wp","href":"https:\/\/api.w.org\/{rel}","templated":true}]}}