{"id":4650,"date":"2019-11-12T22:01:55","date_gmt":"2019-11-12T21:01:55","guid":{"rendered":"http:\/\/amc-arnsberg.org\/?page_id=4650"},"modified":"2020-08-17T18:29:45","modified_gmt":"2020-08-17T16:29:45","slug":"arnsberger-klassik-2017-2-2-2","status":"publish","type":"page","link":"https:\/\/www.amc-arnsberg.de\/?page_id=4650","title":{"rendered":"Arnsberger Klassik 2020"},"content":{"rendered":"\n<h3 class=\"wp-block-heading\">Samstag, 05. September 2020<\/h3>\n\n\n\n<div style=\"height:47px\" aria-hidden=\"true\" class=\"wp-block-spacer\"><\/div>\n\n\n\n<h4 class=\"wp-block-heading\"><strong>Ausschreibung<\/strong><\/h4>\n\n\n\n<div class=\"wp-block-file\"><a href=\"http:\/\/amc-arnsberg.org\/wp-content\/uploads\/2019\/11\/Ausschreibung-2020-V3.pdf\" target=\"_blank\" rel=\"noreferrer noopener\">Ausschreibung<\/a><a href=\"http:\/\/amc-arnsberg.org\/wp-content\/uploads\/2019\/11\/Ausschreibung-2020-V3.pdf\" class=\"wp-block-file__button\" download>Herunterladen<\/a><\/div>\n\n\n\n<div class=\"wp-block-file\"><a href=\"http:\/\/amc-arnsberg.org\/wp-content\/uploads\/2019\/12\/Teilnahmebedingungen-KL-2020.pdf\" target=\"_blank\" rel=\"noreferrer noopener\">Teilnahmebedingungen<\/a><a href=\"http:\/\/amc-arnsberg.org\/wp-content\/uploads\/2019\/12\/Teilnahmebedingungen-KL-2020.pdf\" class=\"wp-block-file__button\" download>Herunterladen<\/a><\/div>\n\n\n\n<hr class=\"wp-block-separator\"\/>\n\n\n\n<h4 class=\"wp-block-heading\"><strong>Online Nennung<\/strong><\/h4>\n\n\n\n<p><s>Formular f\u00fcr Online-Nennung (verbindliche Anmeldung)<\/s><\/p>\n\n\n\n<p>Nachtrag, 29.06.2020: Die maximale Anzahl Starter f\u00fcr die Veranstaltung ist erreicht. Wir haben eine Warteliste eingerichtet, falls Startpl\u00e4tze frei werden. Bei Interesse melden sie sich bitte bei <a href=\"mailto:heinz.schulte-hobein@gmx.de\">heinz.schulte-hobein@gmx.de<\/a><\/p>\n","protected":false},"excerpt":{"rendered":"<p>Samstag, 05. September 2020 Ausschreibung Online Nennung Formular f\u00fcr Online-Nennung (verbindliche Anmeldung) Nachtrag, 29.06.2020: Die maximale Anzahl Starter f\u00fcr die Veranstaltung ist erreicht. Wir haben eine Warteliste eingerichtet, falls Startpl\u00e4tze frei werden. Bei Interesse melden sie sich bitte bei heinz.schulte-hobein@gmx.de<\/p>\n","protected":false},"author":5,"featured_media":0,"parent":17,"menu_order":1,"comment_status":"open","ping_status":"open","template":"","meta":{"footnotes":""},"class_list":["post-4650","page","type-page","status-publish","hentry"],"_links":{"self":[{"href":"https:\/\/www.amc-arnsberg.de\/index.php?rest_route=\/wp\/v2\/pages\/4650","targetHints":{"allow":["GET"]}}],"collection":[{"href":"https:\/\/www.amc-arnsberg.de\/index.php?rest_route=\/wp\/v2\/pages"}],"about":[{"href":"https:\/\/www.amc-arnsberg.de\/index.php?rest_route=\/wp\/v2\/types\/page"}],"author":[{"embeddable":true,"href":"https:\/\/www.amc-arnsberg.de\/index.php?rest_route=\/wp\/v2\/users\/5"}],"replies":[{"embeddable":true,"href":"https:\/\/www.amc-arnsberg.de\/index.php?rest_route=%2Fwp%2Fv2%2Fcomments&post=4650"}],"version-history":[{"count":14,"href":"https:\/\/www.amc-arnsberg.de\/index.php?rest_route=\/wp\/v2\/pages\/4650\/revisions"}],"predecessor-version":[{"id":4933,"href":"https:\/\/www.amc-arnsberg.de\/index.php?rest_route=\/wp\/v2\/pages\/4650\/revisions\/4933"}],"up":[{"embeddable":true,"href":"https:\/\/www.amc-arnsberg.de\/index.php?rest_route=\/wp\/v2\/pages\/17"}],"wp:attachment":[{"href":"https:\/\/www.amc-arnsberg.de\/index.php?rest_route=%2Fwp%2Fv2%2Fmedia&parent=4650"}],"curies":[{"name":"wp","href":"https:\/\/api.w.org\/{rel}","templated":true}]}}