{"id":5369,"date":"2021-11-28T13:45:16","date_gmt":"2021-11-28T12:45:16","guid":{"rendered":"https:\/\/www.amc-arnsberg.de\/?page_id=5369"},"modified":"2022-08-17T18:39:09","modified_gmt":"2022-08-17T16:39:09","slug":"arnsberger-klassik-2017-2-2-2-2-2","status":"publish","type":"page","link":"https:\/\/www.amc-arnsberg.de\/?page_id=5369","title":{"rendered":"Arnsberger Klassik 2022"},"content":{"rendered":"\n<h3 class=\"wp-block-heading\">Samstag, 03. September 2022<\/h3>\n\n\n\n<figure class=\"wp-block-image size-full is-style-rounded\"><img loading=\"lazy\" decoding=\"async\" width=\"250\" height=\"222\" src=\"https:\/\/amc-arnsberg.de\/wp-content\/uploads\/2020\/11\/ausschreibung2021kl.png\" alt=\"\" class=\"wp-image-5010\"\/><\/figure>\n\n\n\n<p>Der Automobil- und Motorradclub Arnsberg e.V. im ADAC veranstaltet am 03. September<br>2022 zum 30. mal die Arnsberger ADAC Klassik. <\/p>\n\n\n\n<p>In diesem Jahr tr\u00e4gt die Ausfahrt den Titel&nbsp;<em>Rund durch die B\u00f6rde<\/em>.<\/p>\n\n\n\n<h4 class=\"wp-block-heading\"><strong>Ausschreibung<\/strong><\/h4>\n\n\n\n<div class=\"wp-block-file\"><a href=\"https:\/\/www.amc-arnsberg.de\/?attachment_id=5370\" target=\"_blank\" rel=\"noreferrer noopener\">Ausschreibung Arnsberger ADAC Klassik 2022<\/a><a href=\"https:\/\/www.amc-arnsberg.de\/wp-content\/uploads\/2021\/11\/kl_ausschreibung_2022_v1.pdf\" class=\"wp-block-file__button\" download>Herunterladen<\/a><\/div>\n\n\n\n<hr class=\"wp-block-separator\"\/>\n\n\n\n<h4 class=\"wp-block-heading\"><strong>Online Nennung<\/strong><\/h4>\n\n\n\n<p>Die maximale Anzahl Starter f\u00fcr diese Veranstaltung ist erreicht. Bitte schreiben sie eine E-Mail an <a href=\"mailto:heinz.schulte-hobein@gmx.de\" data-type=\"mailto\" data-id=\"mailto:heinz.schulte-hobein@gmx.de\">heinz.schulte-hobein@gmx.de <\/a>, falls sie auf die Warteliste gesetzt werden m\u00f6chten. <\/p>\n\n\n\n<hr class=\"wp-block-separator\"\/>\n\n\n\n<h4 class=\"wp-block-heading\">Starterliste<\/h4>\n\n\n\n<p>Die vorl\u00e4ufige Starterliste kann hier abgerufen werden:<br><a href=\"http:\/\/ge-ho.synology.me\/AMC\/klassiker22\/starterliste.php\" target=\"_blank\" rel=\"noreferrer noopener\">30. Arnsberger ADAC Klassik Teilnehmerliste<\/a><\/p>\n","protected":false},"excerpt":{"rendered":"<p>Samstag, 03. September 2022 Der Automobil- und Motorradclub Arnsberg e.V. im ADAC veranstaltet am 03. September2022 zum 30. mal die Arnsberger ADAC Klassik. In diesem Jahr tr\u00e4gt die Ausfahrt den Titel&nbsp;Rund durch die B\u00f6rde. Ausschreibung Online Nennung Die maximale Anzahl Starter f\u00fcr diese Veranstaltung ist erreicht. Bitte schreiben sie eine E-Mail an heinz.schulte-hobein@gmx.de , falls &hellip; <\/p>\n<p class=\"link-more\"><a href=\"https:\/\/www.amc-arnsberg.de\/?page_id=5369\" class=\"more-link\"><span class=\"screen-reader-text\">\u201eArnsberger Klassik 2022\u201c<\/span> weiterlesen<\/a><\/p>\n","protected":false},"author":5,"featured_media":0,"parent":17,"menu_order":1,"comment_status":"open","ping_status":"open","template":"","meta":{"footnotes":""},"class_list":["post-5369","page","type-page","status-publish","hentry"],"_links":{"self":[{"href":"https:\/\/www.amc-arnsberg.de\/index.php?rest_route=\/wp\/v2\/pages\/5369","targetHints":{"allow":["GET"]}}],"collection":[{"href":"https:\/\/www.amc-arnsberg.de\/index.php?rest_route=\/wp\/v2\/pages"}],"about":[{"href":"https:\/\/www.amc-arnsberg.de\/index.php?rest_route=\/wp\/v2\/types\/page"}],"author":[{"embeddable":true,"href":"https:\/\/www.amc-arnsberg.de\/index.php?rest_route=\/wp\/v2\/users\/5"}],"replies":[{"embeddable":true,"href":"https:\/\/www.amc-arnsberg.de\/index.php?rest_route=%2Fwp%2Fv2%2Fcomments&post=5369"}],"version-history":[{"count":4,"href":"https:\/\/www.amc-arnsberg.de\/index.php?rest_route=\/wp\/v2\/pages\/5369\/revisions"}],"predecessor-version":[{"id":5942,"href":"https:\/\/www.amc-arnsberg.de\/index.php?rest_route=\/wp\/v2\/pages\/5369\/revisions\/5942"}],"up":[{"embeddable":true,"href":"https:\/\/www.amc-arnsberg.de\/index.php?rest_route=\/wp\/v2\/pages\/17"}],"wp:attachment":[{"href":"https:\/\/www.amc-arnsberg.de\/index.php?rest_route=%2Fwp%2Fv2%2Fmedia&parent=5369"}],"curies":[{"name":"wp","href":"https:\/\/api.w.org\/{rel}","templated":true}]}}