{"id":5415,"date":"2021-12-19T16:37:57","date_gmt":"2021-12-19T15:37:57","guid":{"rendered":"https:\/\/www.amc-arnsberg.de\/?page_id=5415"},"modified":"2022-06-16T17:07:31","modified_gmt":"2022-06-16T15:07:31","slug":"arnsberger-klassik-2017-2-2-2-2-2","status":"publish","type":"page","link":"https:\/\/www.amc-arnsberg.de\/?page_id=5415","title":{"rendered":"Theodor Kronenbergfahrt 2022"},"content":{"rendered":"\n<h3 class=\"wp-block-heading\">Sonntag, 26. Juni 2022<\/h3>\n\n\n\n<p><em>2. Touristisches Oldtimerwandern durch das Sauerland<\/em><\/p>\n\n\n\n<p>Lauf zu Touristischen Oldtimerserie des ADAC Westfalen e.V.<\/p>\n\n\n\n<h4 class=\"wp-block-heading\"><strong>Ausschreibung<\/strong><\/h4>\n\n\n\n<div class=\"wp-block-file\"><a href=\"https:\/\/www.amc-arnsberg.de\/?attachment_id=5414\" target=\"_blank\" rel=\"noreferrer noopener\">Ausschreibung Kronenbergfahrt 2022<\/a><a href=\"http:\/\/www.amc-arnsberg.de\/wp-content\/uploads\/2021\/12\/ausschreibung_kronenbergfahrt_2022.pdf\" class=\"wp-block-file__button\" download>Herunterladen<\/a><\/div>\n\n\n\n<hr class=\"wp-block-separator\"\/>\n\n\n\n<h4 class=\"wp-block-heading\"><strong>Online Nennung<\/strong><\/h4>\n\n\n\n<p>Die maximale Anzahl Starter f\u00fcr diese Veranstaltung ist erreicht. Eine Nennung ist daher nicht mehr m\u00f6glich. Falls sie auf die Warteliste aufgenommen werden wollen, senden sie bitte eine E-Mail an Thomas Gro\u00dfe Entrup, <a href=\"mailto:grosse-entrup@w123-sauerland.de\">grosse-entrup@w123-sauerland.de<\/a><\/p>\n\n\n\n<hr class=\"wp-block-separator\"\/>\n\n\n\n<p><\/p>\n","protected":false},"excerpt":{"rendered":"<p>Sonntag, 26. Juni 2022 2. Touristisches Oldtimerwandern durch das Sauerland Lauf zu Touristischen Oldtimerserie des ADAC Westfalen e.V. Ausschreibung Online Nennung Die maximale Anzahl Starter f\u00fcr diese Veranstaltung ist erreicht. Eine Nennung ist daher nicht mehr m\u00f6glich. Falls sie auf die Warteliste aufgenommen werden wollen, senden sie bitte eine E-Mail an Thomas Gro\u00dfe Entrup, grosse-entrup@w123-sauerland.de<\/p>\n","protected":false},"author":5,"featured_media":0,"parent":15,"menu_order":1,"comment_status":"open","ping_status":"open","template":"","meta":{"footnotes":""},"class_list":["post-5415","page","type-page","status-publish","hentry"],"_links":{"self":[{"href":"https:\/\/www.amc-arnsberg.de\/index.php?rest_route=\/wp\/v2\/pages\/5415","targetHints":{"allow":["GET"]}}],"collection":[{"href":"https:\/\/www.amc-arnsberg.de\/index.php?rest_route=\/wp\/v2\/pages"}],"about":[{"href":"https:\/\/www.amc-arnsberg.de\/index.php?rest_route=\/wp\/v2\/types\/page"}],"author":[{"embeddable":true,"href":"https:\/\/www.amc-arnsberg.de\/index.php?rest_route=\/wp\/v2\/users\/5"}],"replies":[{"embeddable":true,"href":"https:\/\/www.amc-arnsberg.de\/index.php?rest_route=%2Fwp%2Fv2%2Fcomments&post=5415"}],"version-history":[{"count":8,"href":"https:\/\/www.amc-arnsberg.de\/index.php?rest_route=\/wp\/v2\/pages\/5415\/revisions"}],"predecessor-version":[{"id":6525,"href":"https:\/\/www.amc-arnsberg.de\/index.php?rest_route=\/wp\/v2\/pages\/5415\/revisions\/6525"}],"up":[{"embeddable":true,"href":"https:\/\/www.amc-arnsberg.de\/index.php?rest_route=\/wp\/v2\/pages\/15"}],"wp:attachment":[{"href":"https:\/\/www.amc-arnsberg.de\/index.php?rest_route=%2Fwp%2Fv2%2Fmedia&parent=5415"}],"curies":[{"name":"wp","href":"https:\/\/api.w.org\/{rel}","templated":true}]}}