{"id":7685,"date":"2025-12-14T13:00:13","date_gmt":"2025-12-14T12:00:13","guid":{"rendered":"https:\/\/amc-arnsberg.de\/?page_id=7685"},"modified":"2026-02-09T21:55:03","modified_gmt":"2026-02-09T20:55:03","slug":"arnsberger-klassik-2017-2-2-2-2-2-2-2-2-2-2-2","status":"publish","type":"page","link":"https:\/\/www.amc-arnsberg.de\/?page_id=7685","title":{"rendered":"Sauerland-Fahrt \u201eSchinkenrallye\u201c 2026"},"content":{"rendered":"\n<h3 class=\"wp-block-heading\">Samstag, 16.Mai.2026<\/h3>\n\n\n<div class=\"wp-block-image is-style-default\">\n<figure class=\"alignright size-full\"><a href=\"https:\/\/amc-arnsberg.de\/wp-content\/uploads\/2025\/12\/sr.png\"><img loading=\"lazy\" decoding=\"async\" width=\"327\" height=\"675\" src=\"https:\/\/amc-arnsberg.de\/wp-content\/uploads\/2025\/12\/sr.png\" alt=\"\" class=\"wp-image-7690\" srcset=\"https:\/\/www.amc-arnsberg.de\/wp-content\/uploads\/2025\/12\/sr.png 327w, https:\/\/www.amc-arnsberg.de\/wp-content\/uploads\/2025\/12\/sr-145x300.png 145w\" sizes=\"auto, (max-width: 327px) 100vw, 327px\" \/><\/a><\/figure>\n<\/div>\n\n\n<p>Seit vielen Jahrzehnten findet die Sauerland-Fahrt im Rahmen der Arnsberger Woche statt. Hier treffen sich Jung und Alt um Ihre \u201eGaragensch\u00e4tze\u201c zu pr\u00e4sentieren und bei einer Tour durch das Sauerland Fahrspa\u00df und Landschaft zu genie\u00dfen. Mit einer eifachen Streckenbeschreibung geht es ganz ohne Stress durchs sch\u00f6ne Sauerland. Kleine, spielerische Aufgaben w\u00e4hrend der Fahrt sorgen f\u00fcr den Spa\u00df beim anschlie\u00dfenden Abendessen.<br>\u00dcbrigens \u2013 der Name \u201eSchinkenrallye\u201c kommt nicht von ungef\u00e4hr. Eine Aufgabe hat immer etwas mit einem Schinken zu tun.<\/p>\n\n\n\n<p>Zugelassene Fahrzeuge: Old- und Youngtimer bis 2001<br>Wertung: Schinkenrallye in verschiedenen Klassen<\/p>\n\n\n\n<h4 class=\"wp-block-heading\"><strong>Ausschreibung<\/strong><\/h4>\n\n\n\n<div class=\"wp-block-file\"><a id=\"wp-block-file--media-abbeeaa6-d9f1-4aa2-9265-321f8408fd10\" href=\"https:\/\/amc-arnsberg.de\/wp-content\/uploads\/2025\/12\/schinkenrallye_ausschreibung_2026_v1.pdf\" target=\"_blank\" rel=\"noreferrer noopener\">Ausschreibung Schinkenrallye 2026<\/a><a href=\"https:\/\/amc-arnsberg.de\/wp-content\/uploads\/2025\/12\/schinkenrallye_ausschreibung_2026_v1.pdf\" class=\"wp-block-file__button wp-element-button\" download aria-describedby=\"wp-block-file--media-abbeeaa6-d9f1-4aa2-9265-321f8408fd10\">Herunterladen<\/a><\/div>\n\n\n\n<hr class=\"wp-block-separator has-alpha-channel-opacity\"\/>\n\n\n\n<h4 class=\"wp-block-heading\"><strong>Online Nennung<\/strong><\/h4>\n\n\n\n<p>F\u00fcr eine verbindliche Anmeldung zur Veranstaltung verwenden sie bitte das <a href=\"https:\/\/amc-arnsberg.de\/?page_id=6117\">online Nennformular.<\/a><\/p>\n\n\n\n<h4 class=\"wp-block-heading\">Teilnehmerliste<\/h4>\n\n\n\n<p><a href=\"http:\/\/ge-ho.feste-ip.net:62192\/tln\/index.php?vid=23\" data-type=\"link\" data-id=\"http:\/\/ge-ho.feste-ip.net:62192\/tln\/index.php?vid=23\">Hier geht es zu den Teilnehmern<\/a><\/p>\n\n\n\n<p><\/p>\n","protected":false},"excerpt":{"rendered":"<p>Samstag, 16.Mai.2026 Seit vielen Jahrzehnten findet die Sauerland-Fahrt im Rahmen der Arnsberger Woche statt. Hier treffen sich Jung und Alt um Ihre \u201eGaragensch\u00e4tze\u201c zu pr\u00e4sentieren und bei einer Tour durch das Sauerland Fahrspa\u00df und Landschaft zu genie\u00dfen. Mit einer eifachen Streckenbeschreibung geht es ganz ohne Stress durchs sch\u00f6ne Sauerland. Kleine, spielerische Aufgaben w\u00e4hrend der Fahrt &hellip; <\/p>\n<p class=\"link-more\"><a href=\"https:\/\/www.amc-arnsberg.de\/?page_id=7685\" class=\"more-link\"><span class=\"screen-reader-text\">\u201eSauerland-Fahrt \u201eSchinkenrallye\u201c 2026\u201c<\/span> weiterlesen<\/a><\/p>\n","protected":false},"author":5,"featured_media":0,"parent":13,"menu_order":1,"comment_status":"open","ping_status":"open","template":"","meta":{"footnotes":""},"class_list":["post-7685","page","type-page","status-publish","hentry"],"_links":{"self":[{"href":"https:\/\/www.amc-arnsberg.de\/index.php?rest_route=\/wp\/v2\/pages\/7685","targetHints":{"allow":["GET"]}}],"collection":[{"href":"https:\/\/www.amc-arnsberg.de\/index.php?rest_route=\/wp\/v2\/pages"}],"about":[{"href":"https:\/\/www.amc-arnsberg.de\/index.php?rest_route=\/wp\/v2\/types\/page"}],"author":[{"embeddable":true,"href":"https:\/\/www.amc-arnsberg.de\/index.php?rest_route=\/wp\/v2\/users\/5"}],"replies":[{"embeddable":true,"href":"https:\/\/www.amc-arnsberg.de\/index.php?rest_route=%2Fwp%2Fv2%2Fcomments&post=7685"}],"version-history":[{"count":4,"href":"https:\/\/www.amc-arnsberg.de\/index.php?rest_route=\/wp\/v2\/pages\/7685\/revisions"}],"predecessor-version":[{"id":7737,"href":"https:\/\/www.amc-arnsberg.de\/index.php?rest_route=\/wp\/v2\/pages\/7685\/revisions\/7737"}],"up":[{"embeddable":true,"href":"https:\/\/www.amc-arnsberg.de\/index.php?rest_route=\/wp\/v2\/pages\/13"}],"wp:attachment":[{"href":"https:\/\/www.amc-arnsberg.de\/index.php?rest_route=%2Fwp%2Fv2%2Fmedia&parent=7685"}],"curies":[{"name":"wp","href":"https:\/\/api.w.org\/{rel}","templated":true}]}}