{"id":9,"date":"2011-02-16T22:47:47","date_gmt":"2011-02-16T21:47:47","guid":{"rendered":"http:\/\/amc-arnsberg.org\/wordpress\/?page_id=9"},"modified":"2023-12-02T17:16:07","modified_gmt":"2023-12-02T16:16:07","slug":"uber-den-amc","status":"publish","type":"page","link":"https:\/\/www.amc-arnsberg.de\/?page_id=9","title":{"rendered":"\u00dcber den AMC"},"content":{"rendered":"<p>Der AMC-Arnsberg e.V. im ADAC ist 1990 aus dem Zusammenschluss der beiden gro\u00dfen Motorsportvereine AMC-Neheim-H\u00fcsten und MSC-Arnsberg hervorgegangen.<\/p>\n<p>Die Clubmitglieder treffen sich regelm\u00e4\u00dfig in Ihrem Clublokal Dorfsch\u00e4nke K\u00f6rner in Arnsberg\/Bruchhausen. Im 14-t\u00e4gigen Rhythmus werden hier jeweils donnerstags ab <strong>19:00 Uhr<\/strong> kommende Veranstaltungen geplant und organisiert, motorsportliche Ereignisse diskutiert, aber auch die Geselligkeit bei gutem Essen gepflegt.<\/p>\n<p>Die wichtigste Veranstaltung des Vereins ist die <strong>Arnsberger ADAC Klassik<\/strong>.\u00a0 Die Arnsberger Klassik findet seit 1993 j\u00e4hrlich immer am ersten Wochenende im September statt. Die Teilnehmer kommen aus ganz Deutschland und z.T. auch aus dem Ausland.<\/p>\n<p><strong>Neu:<\/strong> Seit 2021 organisiert der AMC\u00a0 j\u00e4hrlich die <strong>Kronenbergfahrt<\/strong> .<\/p>\n<p>Die Ausfahrt ist ein Wertungslauf in der neu gegr\u00fcndeten <strong>Touristischen Oldtimer-Serie des ADAC Westfalen e.V. <\/strong>Die Touristische Oldtimer-Serie Westfalen richtet sich im Besonderen an Teilnehmer, die sich bis jetzt gar nicht oder eher weniger mit Oldtimerveranstaltungen besch\u00e4ftigt haben.<\/p>\n<p>Diesen Teilnehmern m\u00f6chte der ADAC Westfalen mit der Touristischen Oldtimer-Serie Westfalen die M\u00f6glichkeit bieten, unsere wundersch\u00f6ne Region auf kurzen und leicht zu findenden Strecken mit ihrem Oldtimer zu erkunden.<br \/>\nFahren und Genie\u00dfen sollen der Haupttenor dieser Veranstaltungen sein. Den Teilnehmern bietet er eine homogene Serie, bei der jeder Teilnehmer bereits im Voraus wei\u00df, was ihn erwartet.<\/p>\n<p>Die Nennung zu den beiden Veranstaltungen erfolgt in der Regel <strong>online<\/strong> \u00fcber diese Webseite.<\/p>\n<p>Im Fr\u00fchjahr wird die <strong>Cabrio Fr\u00fchlingsausfahrt<\/strong> organisiert. Diese touristische Ausfahrt richtet sich sowohl an offene klassische als auch an aktuelle Cabrios. Clubmitglieder\u00a0 starten mit ihren Fahrzeugen, die auch geschlossen sein k\u00f6nnen.<\/p>\n<p>Am ersten Sonntag im November wird zum Jahresabschluss seit vielen Jahren die <strong>Dieter Zantner Ged\u00e4chtnisfahrt<\/strong> f\u00fcr Clubmitglieder und G\u00e4ste durchgef\u00fchrt. Diese Ausfahrt eignet sich bestens auch als \u00dcbungsfahrt f\u00fcr die Arnsberger ADAC Klassik.<\/p>\n<p>Mit Ausnahme der Arnsberger ADAC\u00a0 Klassik werden diesen Fahrten j\u00e4hrlich im\u00a0 Rahmen der <strong>Clubmeisterschaft<\/strong> des AMC\u00a0 gewertet. Die Teilnehmer werden am Jahresende daf\u00fcr entsprechend geehrt.<\/p>\n<p>Der AMC S<strong>portler des Jahres<\/strong> wird f\u00fcr seine Erfolge an Teilnahmen an externen Veranstaltungen geehrt.<\/p>\n<p>Im Men\u00fcpunkt <em>Motorsport<\/em> auf dieser Webseite findet ihr Informationen zu <strong>motorsportlichen Aktivit\u00e4ten<\/strong> im AMC.<\/p>\n<p>Seit 1996 geh\u00f6rt zum AMC die Kart-Jugendgruppe.<\/p>\n<p>Regelm\u00e4\u00dfig werden von Clubmitgliedern motorsportliche Gro\u00dfveranstaltungen besucht.<\/p>\n<p>Mit den Ehepartnern der Mitglieder findet einmal im Jahr ein gr\u00f6\u00dferer Wochenendausflug statt. H\u00e4ufig sind dies einfache Orintierungsfahrten ins Hochsauerland mit \u00dcbernachtung und gem\u00fctlichen Benzingespr\u00e4chen.<\/p>\n<p>Solltet iIhr Interesse haben bei uns mitzumachen, k\u00f6nnt Ihr Euch beim 1. Vorsitzenden Heinz Schulte-Hobein, Tel.: 01775788333 melden. Den Aufnahmeantrag (SEPA) findet Ihr hier.<\/p>\n<p><a href=\"http:\/\/amc-arnsberg.org\/wp-content\/uploads\/2011\/02\/Aufnahme-Antrag_AMC_-Sepa-ab-01.01.20141.pdf\">Aufnahme-Antrag_AMC_ Sepa ab 01.01.2014<\/a><\/p>\n<p><!--more--><\/p>\n\n\n<!-- Fast Secure Contact Form plugin 4.0.52 - begin - FastSecureContactForm.com -->\r\n<div style=\"clear:both;\"><\/div>\n<p>Ihre Fragen und Anmerkungen sind jederzeit willkommen.<br>\r\nBenutzen sie das Kontaktformular, um uns eine Email zu senden:<\/p>\r\n<div id=\"FSContact1\" style=\"width:375px;\">\r\n<form action=\"https:\/\/www.amc-arnsberg.de\/index.php?rest_route=%2Fwp%2Fv2%2Fpages%2F9#FSContact1\" id=\"fscf_form1\" method=\"post\">\r\n\n<div id=\"fscf_required1\">\n  <span style=\"text-align:left;\">*<\/span> <span style=\"text-align:left;\">kennzeichnet ein erforderliches Feld<\/span>\n<\/div>\n\n\n<div id=\"fscf_div_clear1_0\" style=\"clear:both;\">\n  <div id=\"fscf_div_field1_0\" style=\"clear:left; float:left; width:99%; max-width:550px; margin-right:10px;\">\r\n    <div style=\"text-align:left; padding-top:5px;\">\n      <label style=\"text-align:left;\" for=\"fscf_name1\">Name:<span style=\"text-align:left;\">*<\/span><\/label>\n    <\/div>\r\n    <div style=\"text-align:left;\">\r\n      <input style=\"text-align:left; margin:0;\" type=\"text\" id=\"fscf_name1\" name=\"full_name\" value=\"\"  readonly=\"readonly\" \/>\r\n    <\/div>\r\n  <\/div>\n<\/div>\n\n<div id=\"fscf_div_clear1_1\" style=\"clear:both;\">\n  <div id=\"fscf_div_field1_1\" style=\"clear:left; float:left; width:99%; max-width:550px; margin-right:10px;\">\n    <div style=\"text-align:left; padding-top:5px;\">\n      <label style=\"text-align:left;\" for=\"fscf_email1\">Email:<span style=\"text-align:left;\">*<\/span><\/label>\n    <\/div>\n    <div style=\"text-align:left;\">\n      <input style=\"text-align:left; margin:0;\" type=\"text\" id=\"fscf_email1\" name=\"email\" value=\"\"  readonly=\"readonly\" \/>\n    <\/div>\n  <\/div>\n<\/div>\n\n<div id=\"fscf_div_clear1_2\" style=\"clear:both;\">\n  <div id=\"fscf_div_field1_2\" style=\"clear:left; float:left; width:99%; max-width:550px; margin-right:10px;\">\n    <div style=\"text-align:left; padding-top:5px;\">\n      <label style=\"text-align:left;\" for=\"fscf_field1_2\">Betreff:<span style=\"text-align:left;\">*<\/span><\/label>\n    <\/div>\n    <div style=\"text-align:left;\">\n      <input style=\"text-align:left; margin:0;\" type=\"text\" id=\"fscf_field1_2\" name=\"subject\" value=\"\"  \/>\n    <\/div>\n  <\/div>\n<\/div>\n\n<div id=\"fscf_div_clear1_3\" style=\"clear:both;\">\n  <div id=\"fscf_div_field1_3\" style=\"clear:left; float:left; width:99%; max-width:550px; margin-right:10px;\">\n    <div style=\"text-align:left; padding-top:5px;\">\n      <label style=\"text-align:left;\" for=\"fscf_field1_3\">Nachricht:<span style=\"text-align:left;\">*<\/span><\/label>\n    <\/div>\n    <div style=\"text-align:left;\">\n      <textarea style=\"text-align:left; margin:0; width:99%; max-width:250px; height:120px;\" id=\"fscf_field1_3\" name=\"message\" cols=\"30\" rows=\"10\" ><\/textarea>\n    <\/div>\n  <\/div>\n<\/div>\r\n<div style=\"clear:both;\"><\/div>\n\n<div style=\"text-align:left; padding-top:5px;\">\n<\/div>\n<div id=\"fscf_captcha_image_div1\" style=\"width:250px; height:65px; padding-top:5px;\">\n      <img loading=\"lazy\" decoding=\"async\" id=\"fscf_captcha_image1\" style=\"border-style:none; margin:0; padding:0px; padding-right:5px; float:left;\" src=\"https:\/\/www.amc-arnsberg.de\/wp-content\/plugins\/si-contact-form\/captcha\/securimage_show.php?prefix=C5DkTylQLLSWvQpa\" width=\"175\" height=\"60\" alt=\"CAPTCHA\" title=\"CAPTCHA\" \/>\n      <input id=\"fscf_captcha_prefix1\" type=\"hidden\" name=\"fscf_captcha_prefix1\" value=\"C5DkTylQLLSWvQpa\" \/>\n     <div id=\"fscf_captcha_refresh1\">\n        <a href=\"#\" rel=\"nofollow\" title=\"Refresh\" onclick=\"fscf_captcha_refresh('1','\/wp-content\/plugins\/si-contact-form\/captcha','https:\/\/www.amc-arnsberg.de\/wp-content\/plugins\/si-contact-form\/captcha\/securimage_show.php?prefix='); return false;\">\n        <img loading=\"lazy\" decoding=\"async\" src=\"https:\/\/www.amc-arnsberg.de\/wp-content\/plugins\/si-contact-form\/captcha\/images\/refresh.png\" width=\"22\" height=\"20\" alt=\"Refresh\" style=\"border-style:none; margin:0; padding:0px; vertical-align:bottom;\" onclick=\"this.blur();\" \/><\/a>\r\n     <\/div>\r\n<\/div>\r\n\r\n<div id=\"fscf_captcha_field1\" style=\"text-align:left; padding-top:5px;\">\r\n     <label style=\"text-align:left;\" for=\"fscf_captcha_code1\">CAPTCHA Code:<span style=\"text-align:left;\">*<\/span><\/label>\r\n<\/div>\r\n<div style=\"text-align:left;\">\n     <input style=\"text-align:left; margin:0; width:50px;\" type=\"text\" value=\"\" autocomplete=\"off\" id=\"fscf_captcha_code1\" name=\"captcha_code\"  \/>\n<\/div>\n\n<div id=\"fscf_submit_div1\" style=\"text-align:left; padding-top:8px;\">\r\n\t\t<input type=\"submit\" id=\"fscf_submit1\" style=\"cursor:pointer; margin:0;\" value=\"senden\"  onclick=\"this.disabled=true; this.value='Submitting...'; this.form.submit();\" \/> \n<\/div>\n\n<input type=\"hidden\" name=\"fscf_submitted\" value=\"0\" \/>\n<input type=\"hidden\" name=\"fs_postonce_1\" value=\"230c2bd60b32691ef1575ce97466df32,1776069559\" \/>\n<input type=\"hidden\" name=\"si_contact_action\" value=\"send\" \/>\n<input type=\"hidden\" name=\"form_id\" value=\"1\" \/>\n<input type=\"hidden\" name=\"mailto_id\" value=\"1\" \/>\n\n<\/form>\n<\/div>\r\n<div style=\"clear:both;\"><\/div>\n\n<!-- Fast Secure Contact Form plugin 4.0.52 - end - FastSecureContactForm.com -->\n\n","protected":false},"excerpt":{"rendered":"<p>Der AMC-Arnsberg e.V. im ADAC ist 1990 aus dem Zusammenschluss der beiden gro\u00dfen Motorsportvereine AMC-Neheim-H\u00fcsten und MSC-Arnsberg hervorgegangen. Die Clubmitglieder treffen sich regelm\u00e4\u00dfig in Ihrem Clublokal Dorfsch\u00e4nke K\u00f6rner in Arnsberg\/Bruchhausen. Im 14-t\u00e4gigen Rhythmus werden hier jeweils donnerstags ab 19:00 Uhr kommende Veranstaltungen geplant und organisiert, motorsportliche Ereignisse diskutiert, aber auch die Geselligkeit bei gutem Essen &hellip; <\/p>\n<p class=\"link-more\"><a href=\"https:\/\/www.amc-arnsberg.de\/?page_id=9\" class=\"more-link\"><span class=\"screen-reader-text\">\u201e\u00dcber den AMC\u201c<\/span> weiterlesen<\/a><\/p>\n","protected":false},"author":2,"featured_media":0,"parent":0,"menu_order":0,"comment_status":"closed","ping_status":"closed","template":"","meta":{"footnotes":""},"class_list":["post-9","page","type-page","status-publish","hentry"],"_links":{"self":[{"href":"https:\/\/www.amc-arnsberg.de\/index.php?rest_route=\/wp\/v2\/pages\/9","targetHints":{"allow":["GET"]}}],"collection":[{"href":"https:\/\/www.amc-arnsberg.de\/index.php?rest_route=\/wp\/v2\/pages"}],"about":[{"href":"https:\/\/www.amc-arnsberg.de\/index.php?rest_route=\/wp\/v2\/types\/page"}],"author":[{"embeddable":true,"href":"https:\/\/www.amc-arnsberg.de\/index.php?rest_route=\/wp\/v2\/users\/2"}],"replies":[{"embeddable":true,"href":"https:\/\/www.amc-arnsberg.de\/index.php?rest_route=%2Fwp%2Fv2%2Fcomments&post=9"}],"version-history":[{"count":45,"href":"https:\/\/www.amc-arnsberg.de\/index.php?rest_route=\/wp\/v2\/pages\/9\/revisions"}],"predecessor-version":[{"id":6553,"href":"https:\/\/www.amc-arnsberg.de\/index.php?rest_route=\/wp\/v2\/pages\/9\/revisions\/6553"}],"wp:attachment":[{"href":"https:\/\/www.amc-arnsberg.de\/index.php?rest_route=%2Fwp%2Fv2%2Fmedia&parent=9"}],"curies":[{"name":"wp","href":"https:\/\/api.w.org\/{rel}","templated":true}]}}