{"id":940,"date":"2013-12-25T19:04:30","date_gmt":"2013-12-25T18:04:30","guid":{"rendered":"http:\/\/amc-arnsberg.org\/?page_id=940"},"modified":"2017-12-15T12:42:34","modified_gmt":"2017-12-15T11:42:34","slug":"arnsberger-klassik-2014","status":"publish","type":"page","link":"https:\/\/www.amc-arnsberg.de\/?page_id=940","title":{"rendered":"Arnsberger Klassik 2014"},"content":{"rendered":"<p>22. Arnsberger ADAC Klassik &#8211; 06.09.2014<\/p>\n<p>Startberechtigt sind PKW bis zum Baujahr 1984 und Youngtimer von Baujahr 1985 bis 1989, deren Lenker im Besitz einer g\u00fcltigen Fahrerlaubnis sind. Lizenzen sind aber nicht erforderlich.<\/p>\n<p>Die Veranstaltung ist wahlweise eine sportliche oder touristische Oldtimerfahrt mit historischen Fahrzeugen \u00fcber \u00f6ffentliche Stra\u00dfen in landschaftlich reizvoller Gegend. Die Streckenf\u00fchrung\u00c2\u00a0verl\u00e4uft fast ausschlie\u00dflich \u00fcber qualifizierte Stra\u00dfen.<\/p>\n<p>Einen detaillierten \u00c3\u0153berblick \u00fcber die Veranstaltung bietet die Ausschreibung zur 22. Arnsberger ADAC Klassik <span style=\"color: #999999;\"><em>&#8222;Route M\u00f6hnesee, B\u00f6rde und Sauerland&#8220;<\/em> <\/span>mit allen wichtigen Informationen:<\/p>\n<ul>\n<li><a href=\"http:\/\/amc-arnsberg.org\/wp-content\/uploads\/2013\/12\/Ausschreibung-kurz-V-2-2014.pdf\">Ausschreibung kurz V 2 2014<\/a><\/li>\n<li><a href=\"http:\/\/amc-arnsberg.org\/wp-content\/uploads\/2013\/12\/kl14_ergebnisse.pdf\">Gesamtergebnis Arnsberger Klassik 2014<\/a><\/li>\n<li><a title=\"Fotos\" href=\"https:\/\/plus.google.com\/photos\/107588634856479939397\/albums\/6056305395722071889?authkey=CMuJ_sj69ZvdxwE\" target=\"_blank\" rel=\"noopener\">Fotos<\/a><\/li>\n<\/ul>\n<p><span style=\"color: #ff0000;\">\u00c2\u00a0<\/span><\/p>\n","protected":false},"excerpt":{"rendered":"<p>22. Arnsberger ADAC Klassik &#8211; 06.09.2014 Startberechtigt sind PKW bis zum Baujahr 1984 und Youngtimer von Baujahr 1985 bis 1989, deren Lenker im Besitz einer g\u00fcltigen Fahrerlaubnis sind. Lizenzen sind aber nicht erforderlich. Die Veranstaltung ist wahlweise eine sportliche oder touristische Oldtimerfahrt mit historischen Fahrzeugen \u00fcber \u00f6ffentliche Stra\u00dfen in landschaftlich reizvoller Gegend. Die Streckenf\u00fchrung\u00c2\u00a0verl\u00e4uft fast &hellip; <\/p>\n<p class=\"link-more\"><a href=\"https:\/\/www.amc-arnsberg.de\/?page_id=940\" class=\"more-link\"><span class=\"screen-reader-text\">\u201eArnsberger Klassik 2014\u201c<\/span> weiterlesen<\/a><\/p>\n","protected":false},"author":2,"featured_media":0,"parent":17,"menu_order":5,"comment_status":"open","ping_status":"open","template":"","meta":{"footnotes":""},"class_list":["post-940","page","type-page","status-publish","hentry"],"_links":{"self":[{"href":"https:\/\/www.amc-arnsberg.de\/index.php?rest_route=\/wp\/v2\/pages\/940","targetHints":{"allow":["GET"]}}],"collection":[{"href":"https:\/\/www.amc-arnsberg.de\/index.php?rest_route=\/wp\/v2\/pages"}],"about":[{"href":"https:\/\/www.amc-arnsberg.de\/index.php?rest_route=\/wp\/v2\/types\/page"}],"author":[{"embeddable":true,"href":"https:\/\/www.amc-arnsberg.de\/index.php?rest_route=\/wp\/v2\/users\/2"}],"replies":[{"embeddable":true,"href":"https:\/\/www.amc-arnsberg.de\/index.php?rest_route=%2Fwp%2Fv2%2Fcomments&post=940"}],"version-history":[{"count":16,"href":"https:\/\/www.amc-arnsberg.de\/index.php?rest_route=\/wp\/v2\/pages\/940\/revisions"}],"predecessor-version":[{"id":2156,"href":"https:\/\/www.amc-arnsberg.de\/index.php?rest_route=\/wp\/v2\/pages\/940\/revisions\/2156"}],"up":[{"embeddable":true,"href":"https:\/\/www.amc-arnsberg.de\/index.php?rest_route=\/wp\/v2\/pages\/17"}],"wp:attachment":[{"href":"https:\/\/www.amc-arnsberg.de\/index.php?rest_route=%2Fwp%2Fv2%2Fmedia&parent=940"}],"curies":[{"name":"wp","href":"https:\/\/api.w.org\/{rel}","templated":true}]}}